{"id":177,"date":"2021-04-18T14:38:39","date_gmt":"2021-04-18T14:38:39","guid":{"rendered":"http:\/\/pptenerife.es\/?page_id=177"},"modified":"2021-04-18T15:42:23","modified_gmt":"2021-04-18T15:42:23","slug":"participa","status":"publish","type":"page","link":"http:\/\/pptenerife.es\/?page_id=177","title":{"rendered":"Participa"},"content":{"rendered":"<p><strong>Contacta con nosotros<\/strong><\/p>\n<p>\u00bfTienes alguna pregunta, duda o sugerencia que quieras hacernos? Aqu\u00ed tienes toda la informaci\u00f3n para que puedas contactar directamente con el Partido Popular de Tenerife de una forma r\u00e1pida y sencilla.<\/p>\n<p><strong>Contacta<\/strong><\/p>\n<p>Informaci\u00f3n y tel\u00e9fono<\/p>\n<p><strong>922275454<\/strong><br \/>\n<strong><a href=\"http:\/\/tenerife@pp.es\">tenerife@pp.es<\/a><\/strong><\/p>\n<p>Tambi\u00e9n puedes hacer gestiones de forma presencial, en la C\/Castillo,56 P2 &#8211; 38003 \u2013 S\/C de Tenerife, o dirigirte a la sede m\u00e1s cercana de su municipio.<\/p>\n","protected":false},"excerpt":{"rendered":"<p>Contacta con nosotros \u00bfTienes alguna pregunta, duda o sugerencia que quieras hacernos? Aqu\u00ed tienes toda la informaci\u00f3n para que puedas contactar directamente con el Partido Popular de Tenerife de una forma r\u00e1pida y sencilla. Contacta Informaci\u00f3n y tel\u00e9fono 922275454 tenerife@pp.es Tambi\u00e9n puedes hacer gestiones de forma presencial, en la C\/Castillo,56 P2 &#8211; 38003 \u2013 S\/C &hellip; <\/p>\n","protected":false},"author":1,"featured_media":0,"parent":0,"menu_order":0,"comment_status":"closed","ping_status":"closed","template":"","meta":{"footnotes":""},"class_list":["post-177","page","type-page","status-publish","hentry"],"_links":{"self":[{"href":"http:\/\/pptenerife.es\/index.php?rest_route=\/wp\/v2\/pages\/177"}],"collection":[{"href":"http:\/\/pptenerife.es\/index.php?rest_route=\/wp\/v2\/pages"}],"about":[{"href":"http:\/\/pptenerife.es\/index.php?rest_route=\/wp\/v2\/types\/page"}],"author":[{"embeddable":true,"href":"http:\/\/pptenerife.es\/index.php?rest_route=\/wp\/v2\/users\/1"}],"replies":[{"embeddable":true,"href":"http:\/\/pptenerife.es\/index.php?rest_route=%2Fwp%2Fv2%2Fcomments&post=177"}],"version-history":[{"count":3,"href":"http:\/\/pptenerife.es\/index.php?rest_route=\/wp\/v2\/pages\/177\/revisions"}],"predecessor-version":[{"id":236,"href":"http:\/\/pptenerife.es\/index.php?rest_route=\/wp\/v2\/pages\/177\/revisions\/236"}],"wp:attachment":[{"href":"http:\/\/pptenerife.es\/index.php?rest_route=%2Fwp%2Fv2%2Fmedia&parent=177"}],"curies":[{"name":"wp","href":"https:\/\/api.w.org\/{rel}","templated":true}]}}